{"id":1155,"date":"2024-10-09T15:16:51","date_gmt":"2024-10-09T13:16:51","guid":{"rendered":"https:\/\/teambuilding-incentive-lakecomo.com\/wp\/?page_id=1155"},"modified":"2025-12-10T13:58:55","modified_gmt":"2025-12-10T12:58:55","slug":"attivita-benessere-lavoro-vita-privata","status":"publish","type":"page","link":"https:\/\/teambuilding-incentive-lakecomo.com\/it\/attivita-benessere-lavoro-vita-privata\/","title":{"rendered":"Benessere al lavoro e nella vita privata"},"content":{"rendered":"<div class=\"wpb-content-wrapper\"><p>[vc_row css_animation=&#8221;&#8221; row_type=&#8221;row&#8221; use_row_as_full_screen_section=&#8221;no&#8221; type=&#8221;grid&#8221; angled_section=&#8221;no&#8221; text_align=&#8221;center&#8221; background_image_as_pattern=&#8221;without_pattern&#8221; css=&#8221;.vc_custom_1561390568994{padding-bottom: 64px !important;}&#8221; z_index=&#8221;&#8221;][vc_column][vc_column_text]<\/p>\n<h3 style=\"text-align: center;\">Attivit\u00e0 volte al benessere<\/h3>\n<h3 style=\"text-align: center;\">al lavoro e nella vita privata<\/h3>\n<p>[\/vc_column_text][vc_empty_space height=&#8221;21px&#8221;][\/vc_column][\/vc_row][vc_row css_animation=&#8221;&#8221; row_type=&#8221;row&#8221; use_row_as_full_screen_section=&#8221;no&#8221; type=&#8221;grid&#8221; angled_section=&#8221;no&#8221; text_align=&#8221;left&#8221; background_image_as_pattern=&#8221;without_pattern&#8221; z_index=&#8221;&#8221; css=&#8221;.vc_custom_1712579536281{padding-bottom: 32px !important;}&#8221;][vc_column offset=&#8221;vc_col-lg-6 vc_col-md-6&#8243; el_class=&#8221;City game treasure hunt caccia al tesoro escape experience&#8221;][vc_single_image image=&#8221;1156&#8243; img_size=&#8221;full&#8221; qode_css_animation=&#8221;&#8221;][\/vc_column][vc_column offset=&#8221;vc_col-lg-6 vc_col-md-6&#8243;][vc_empty_space height=&#8221;21px&#8221;][vc_column_text css=&#8221;&#8221;]<\/p>\n<p data-start=\"137\" data-end=\"633\"><strong data-start=\"137\" data-end=\"633\">L\u2019area del Lago di Como <\/strong>attira un numero sempre crescente di aziende alla ricerca di esperienze outdoor autentiche, capaci di far scoprire la sua bellezza attraverso <strong data-start=\"137\" data-end=\"633\">natura, esplorazione e avventura.<\/strong><\/p>\n<p>[\/vc_column_text][vc_empty_space height=&#8221;21px&#8221;][vc_column_text css=&#8221;&#8221;]<\/p>\n<p data-start=\"137\" data-end=\"633\">Progettiamo proposte completamente su misura, modellate sui tuoi obiettivi, sulla dimensione del gruppo e sul livello di esperienza \u2014 da attivit\u00e0 energizzanti a percorsi immersivi pi\u00f9 rilassanti.<br data-start=\"536\" data-end=\"539\" \/>Contattaci tramite form o WhatsApp: troveremo insieme la soluzione perfetta per il tuo team.<\/p>\n<p>Oppure <strong>scegli un programma orientato al benessere, <\/strong>per ritrovare equilibrio e armonia nel gruppo:<\/p>\n<ul>\n<li data-start=\"740\" data-end=\"763\"><strong data-start=\"740\" data-end=\"761\">Coerenza Cardiaca<\/strong><\/li>\n<li data-start=\"740\" data-end=\"763\"><strong data-start=\"766\" data-end=\"787\">Yoga della Risata<\/strong><\/li>\n<li data-start=\"740\" data-end=\"763\"><strong data-start=\"792\" data-end=\"810\">Forest Bathing<\/strong><\/li>\n<li data-start=\"740\" data-end=\"763\"><strong data-start=\"815\" data-end=\"832\">Brain Colours<\/strong><\/li>\n<li data-start=\"740\" data-end=\"763\"><strong data-start=\"837\" data-end=\"886\">Sessioni di Respiro Consapevole &amp; Meditazione<\/strong><\/li>\n<li data-start=\"740\" data-end=\"763\"><strong data-start=\"891\" data-end=\"933\">Stretching o Mobility Flow del mattino<\/strong><\/li>\n<li data-start=\"740\" data-end=\"763\"><strong data-start=\"938\" data-end=\"968\">Bagno di Suoni &amp; Gong Bath<\/strong><\/li>\n<li data-start=\"740\" data-end=\"763\"><strong data-start=\"973\" data-end=\"1023\">Qi Gong o Tai Chi per la gestione dello stress<\/strong><\/li>\n<li data-start=\"740\" data-end=\"763\"><strong data-start=\"1028\" data-end=\"1084\">Percorsi di Aromaterapia e Consapevolezza Sensoriale<\/strong><\/li>\n<li data-start=\"740\" data-end=\"763\"><strong data-start=\"1089\" data-end=\"1141\">Workshop di Gratitudine e Comunicazione Positiva<\/strong><\/li>\n<\/ul>\n<p data-start=\"1143\" data-end=\"1289\">Ogni attivit\u00e0 \u00e8 guidata da professionisti certificati ed \u00e8 pensata per favorire il benessere \u2014 non solo al lavoro, ma anche nella vita quotidiana.<\/p>\n<p>[\/vc_column_text][\/vc_column][\/vc_row][vc_row css_animation=&#8221;&#8221; row_type=&#8221;row&#8221; use_row_as_full_screen_section=&#8221;no&#8221; type=&#8221;grid&#8221; angled_section=&#8221;no&#8221; text_align=&#8221;left&#8221; background_image_as_pattern=&#8221;without_pattern&#8221; z_index=&#8221;&#8221; css=&#8221;.vc_custom_1561391511336{padding-top: 32px !important;padding-bottom: 64px !important;}&#8221;][vc_column width=&#8221;1\/6&#8243;][\/vc_column][vc_column width=&#8221;5\/6&#8243;][vc_column_text]<\/p>\n<p style=\"font-size: 18px;\" align=\"left\"><b>SIAMO A DISPOSIZIONE, PER MAGGIORI DETTAGLI COMPILA IL FORM OPPURE CONTATTACI VIA WHATSAPP!<\/b><\/p>\n<p>[\/vc_column_text]\n<div class=\"wpcf7 no-js\" id=\"wpcf7-f722-o1\" lang=\"it-IT\" dir=\"ltr\" data-wpcf7-id=\"722\">\n<div class=\"screen-reader-response\"><p role=\"status\" aria-live=\"polite\" aria-atomic=\"true\"><\/p> <ul><\/ul><\/div>\n<form action=\"\/it\/wp-json\/wp\/v2\/pages\/1155#wpcf7-f722-o1\" method=\"post\" class=\"wpcf7-form init cf7_custom_style_1\" aria-label=\"Modulo di contatto\" novalidate=\"novalidate\" data-status=\"init\">\n<fieldset class=\"hidden-fields-container\"><input type=\"hidden\" name=\"_wpcf7\" value=\"722\" \/><input type=\"hidden\" name=\"_wpcf7_version\" value=\"6.1.5\" \/><input type=\"hidden\" name=\"_wpcf7_locale\" value=\"it_IT\" \/><input type=\"hidden\" name=\"_wpcf7_unit_tag\" value=\"wpcf7-f722-o1\" \/><input type=\"hidden\" name=\"_wpcf7_container_post\" value=\"0\" \/><input type=\"hidden\" name=\"_wpcf7_posted_data_hash\" value=\"\" \/><input type=\"hidden\" name=\"_wpcf7_recaptcha_response\" value=\"\" \/>\n<\/fieldset>\n<p><label> Il tuo nome (richiesto)<br \/>\n<span class=\"wpcf7-form-control-wrap\" data-name=\"your-name\"><input size=\"40\" maxlength=\"400\" class=\"wpcf7-form-control wpcf7-text wpcf7-validates-as-required\" aria-required=\"true\" aria-invalid=\"false\" value=\"\" type=\"text\" name=\"your-name\" \/><\/span> <\/label>\n<\/p>\n<p><label> La tua email (richiesto)<br \/>\n<span class=\"wpcf7-form-control-wrap\" data-name=\"your-email\"><input size=\"40\" maxlength=\"400\" class=\"wpcf7-form-control wpcf7-email wpcf7-validates-as-required wpcf7-text wpcf7-validates-as-email\" aria-required=\"true\" aria-invalid=\"false\" value=\"\" type=\"email\" name=\"your-email\" \/><\/span> <\/label>\n<\/p>\n<p><label> Parlaci della tua idea, come possiamo aiutarti?<br \/>\n<span class=\"wpcf7-form-control-wrap\" data-name=\"your-message\"><textarea cols=\"40\" rows=\"10\" maxlength=\"2000\" class=\"wpcf7-form-control wpcf7-textarea\" aria-invalid=\"false\" name=\"your-message\"><\/textarea><\/span> <\/label>\n<\/p>\n<p><span class=\"wpcf7-form-control-wrap\" data-name=\"consenso\"><span class=\"wpcf7-form-control wpcf7-acceptance\"><span class=\"wpcf7-list-item\"><input type=\"checkbox\" name=\"consenso\" value=\"1\" aria-invalid=\"false\" \/><\/span><\/span><\/span> Si, accetto\n<\/p>\n<p style=\"font-size:13px\" align=\"left\">Ai sensi e per gli effetti degli articoli 7, 13 e 23 del D.Lgs. n. 196\/2003, dichiaro di aver preso visione dell'informativa di TBILC per il trattamento dei dati personali\n<\/p>\n<p style=\"font-size: 13px;\" align=\"left\"><b>Attenzione una copia di questa email sar\u00e0 inviata anche al tuo indirizzo.<\/b>\n<\/p>\n<p><input class=\"wpcf7-form-control wpcf7-submit has-spinner\" type=\"submit\" value=\"Invia\" \/>\n<\/p><div class=\"wpcf7-response-output\" aria-hidden=\"true\"><\/div>\n<\/form>\n<\/div>\n[\/vc_column][\/vc_row]<\/p>\n<\/div>","protected":false},"excerpt":{"rendered":"<p>[vc_row css_animation=&#8221;&#8221; row_type=&#8221;row&#8221; use_row_as_full_screen_section=&#8221;no&#8221; type=&#8221;grid&#8221; angled_section=&#8221;no&#8221; text_align=&#8221;center&#8221; background_image_as_pattern=&#8221;without_pattern&#8221; css=&#8221;.vc_custom_1561390568994{padding-bottom: 64px !important;}&#8221; z_index=&#8221;&#8221;][vc_column][vc_column_text] Attivit\u00e0 volte al benessere al lavoro e nella vita privata [\/vc_column_text][vc_empty_space height=&#8221;21px&#8221;][\/vc_column][\/vc_row][vc_row css_animation=&#8221;&#8221; row_type=&#8221;row&#8221; use_row_as_full_screen_section=&#8221;no&#8221; type=&#8221;grid&#8221; angled_section=&#8221;no&#8221; text_align=&#8221;left&#8221; background_image_as_pattern=&#8221;without_pattern&#8221; z_index=&#8221;&#8221; css=&#8221;.vc_custom_1712579536281{padding-bottom: 32px !important;}&#8221;][vc_column offset=&#8221;vc_col-lg-6 vc_col-md-6&#8243; el_class=&#8221;City game treasure hunt caccia al tesoro escape&#8230;<\/p>\n","protected":false},"author":2,"featured_media":1156,"parent":0,"menu_order":0,"comment_status":"closed","ping_status":"closed","template":"full_width.php","meta":{"footnotes":""},"class_list":["post-1155","page","type-page","status-publish","has-post-thumbnail","hentry"],"yoast_head":"<!-- This site is optimized with the Yoast SEO plugin v27.5 - https:\/\/yoast.com\/product\/yoast-seo-wordpress\/ -->\n<title>Benessere al lavoro e nella vita privata - Team Building, Incentive Lake Como<\/title>\n<meta name=\"description\" content=\"Benessere al lavoro e nella vita privata: una serie di esperienze da vivere con colleghi e amici grazie ai nostri consulenti professionisti\" \/>\n<meta name=\"robots\" content=\"index, follow, max-snippet:-1, max-image-preview:large, max-video-preview:-1\" \/>\n<link rel=\"canonical\" href=\"https:\/\/teambuilding-incentive-lakecomo.com\/it\/attivita-benessere-lavoro-vita-privata\/\" \/>\n<meta property=\"og:locale\" content=\"it_IT\" \/>\n<meta property=\"og:type\" content=\"article\" \/>\n<meta property=\"og:title\" content=\"Benessere al lavoro e nella vita privata - Team Building, Incentive Lake Como\" \/>\n<meta property=\"og:description\" content=\"Benessere al lavoro e nella vita privata: una serie di esperienze da vivere con colleghi e amici grazie ai nostri consulenti professionisti\" \/>\n<meta property=\"og:url\" content=\"https:\/\/teambuilding-incentive-lakecomo.com\/it\/attivita-benessere-lavoro-vita-privata\/\" \/>\n<meta property=\"og:site_name\" content=\"Team Building, Incentive Lake Como\" \/>\n<meta property=\"article:modified_time\" content=\"2025-12-10T12:58:55+00:00\" \/>\n<meta property=\"og:image\" content=\"https:\/\/teambuilding-incentive-lakecomo.com\/wp\/wp-content\/uploads\/2024\/10\/wellbeing-it.jpg\" \/>\n\t<meta property=\"og:image:width\" content=\"1992\" \/>\n\t<meta property=\"og:image:height\" content=\"1146\" \/>\n\t<meta property=\"og:image:type\" content=\"image\/jpeg\" \/>\n<meta name=\"twitter:card\" content=\"summary_large_image\" \/>\n<meta name=\"twitter:label1\" content=\"Tempo di lettura stimato\" \/>\n\t<meta name=\"twitter:data1\" content=\"2 minuti\" \/>\n<script type=\"application\/ld+json\" class=\"yoast-schema-graph\">{\"@context\":\"https:\\\/\\\/schema.org\",\"@graph\":[{\"@type\":\"WebPage\",\"@id\":\"https:\\\/\\\/teambuilding-incentive-lakecomo.com\\\/it\\\/attivita-benessere-lavoro-vita-privata\\\/\",\"url\":\"https:\\\/\\\/teambuilding-incentive-lakecomo.com\\\/it\\\/attivita-benessere-lavoro-vita-privata\\\/\",\"name\":\"Benessere al lavoro e nella vita privata - Team Building, Incentive Lake Como\",\"isPartOf\":{\"@id\":\"https:\\\/\\\/teambuilding-incentive-lakecomo.com\\\/it\\\/#website\"},\"primaryImageOfPage\":{\"@id\":\"https:\\\/\\\/teambuilding-incentive-lakecomo.com\\\/it\\\/attivita-benessere-lavoro-vita-privata\\\/#primaryimage\"},\"image\":{\"@id\":\"https:\\\/\\\/teambuilding-incentive-lakecomo.com\\\/it\\\/attivita-benessere-lavoro-vita-privata\\\/#primaryimage\"},\"thumbnailUrl\":\"https:\\\/\\\/teambuilding-incentive-lakecomo.com\\\/wp\\\/wp-content\\\/uploads\\\/2024\\\/10\\\/wellbeing-it.jpg\",\"datePublished\":\"2024-10-09T13:16:51+00:00\",\"dateModified\":\"2025-12-10T12:58:55+00:00\",\"description\":\"Benessere al lavoro e nella vita privata: una serie di esperienze da vivere con colleghi e amici grazie ai nostri consulenti professionisti\",\"breadcrumb\":{\"@id\":\"https:\\\/\\\/teambuilding-incentive-lakecomo.com\\\/it\\\/attivita-benessere-lavoro-vita-privata\\\/#breadcrumb\"},\"inLanguage\":\"it-IT\",\"potentialAction\":[{\"@type\":\"ReadAction\",\"target\":[\"https:\\\/\\\/teambuilding-incentive-lakecomo.com\\\/it\\\/attivita-benessere-lavoro-vita-privata\\\/\"]}]},{\"@type\":\"ImageObject\",\"inLanguage\":\"it-IT\",\"@id\":\"https:\\\/\\\/teambuilding-incentive-lakecomo.com\\\/it\\\/attivita-benessere-lavoro-vita-privata\\\/#primaryimage\",\"url\":\"https:\\\/\\\/teambuilding-incentive-lakecomo.com\\\/wp\\\/wp-content\\\/uploads\\\/2024\\\/10\\\/wellbeing-it.jpg\",\"contentUrl\":\"https:\\\/\\\/teambuilding-incentive-lakecomo.com\\\/wp\\\/wp-content\\\/uploads\\\/2024\\\/10\\\/wellbeing-it.jpg\",\"width\":1992,\"height\":1146,\"caption\":\"benessere in ufficio\"},{\"@type\":\"BreadcrumbList\",\"@id\":\"https:\\\/\\\/teambuilding-incentive-lakecomo.com\\\/it\\\/attivita-benessere-lavoro-vita-privata\\\/#breadcrumb\",\"itemListElement\":[{\"@type\":\"ListItem\",\"position\":1,\"name\":\"Home\",\"item\":\"https:\\\/\\\/teambuilding-incentive-lakecomo.com\\\/it\\\/\"},{\"@type\":\"ListItem\",\"position\":2,\"name\":\"Benessere al lavoro e nella vita privata\"}]},{\"@type\":\"WebSite\",\"@id\":\"https:\\\/\\\/teambuilding-incentive-lakecomo.com\\\/it\\\/#website\",\"url\":\"https:\\\/\\\/teambuilding-incentive-lakecomo.com\\\/it\\\/\",\"name\":\"Team Building, Incentive Lake Como\",\"description\":\"incentive e team building sul lago di como\",\"publisher\":{\"@id\":\"https:\\\/\\\/teambuilding-incentive-lakecomo.com\\\/it\\\/#organization\"},\"potentialAction\":[{\"@type\":\"SearchAction\",\"target\":{\"@type\":\"EntryPoint\",\"urlTemplate\":\"https:\\\/\\\/teambuilding-incentive-lakecomo.com\\\/it\\\/?s={search_term_string}\"},\"query-input\":{\"@type\":\"PropertyValueSpecification\",\"valueRequired\":true,\"valueName\":\"search_term_string\"}}],\"inLanguage\":\"it-IT\"},{\"@type\":\"Organization\",\"@id\":\"https:\\\/\\\/teambuilding-incentive-lakecomo.com\\\/it\\\/#organization\",\"name\":\"TEAM BUILDING INCENTIVE LAGO DI COMO\",\"url\":\"https:\\\/\\\/teambuilding-incentive-lakecomo.com\\\/it\\\/\",\"logo\":{\"@type\":\"ImageObject\",\"inLanguage\":\"it-IT\",\"@id\":\"https:\\\/\\\/teambuilding-incentive-lakecomo.com\\\/it\\\/#\\\/schema\\\/logo\\\/image\\\/\",\"url\":\"https:\\\/\\\/teambuilding-incentive-lakecomo.com\\\/wp\\\/wp-content\\\/uploads\\\/2019\\\/10\\\/team-building-incentive-lago-di-como.png\",\"contentUrl\":\"https:\\\/\\\/teambuilding-incentive-lakecomo.com\\\/wp\\\/wp-content\\\/uploads\\\/2019\\\/10\\\/team-building-incentive-lago-di-como.png\",\"width\":228,\"height\":69,\"caption\":\"TEAM BUILDING INCENTIVE LAGO DI COMO\"},\"image\":{\"@id\":\"https:\\\/\\\/teambuilding-incentive-lakecomo.com\\\/it\\\/#\\\/schema\\\/logo\\\/image\\\/\"}}]}<\/script>\n<!-- \/ Yoast SEO plugin. -->","yoast_head_json":{"title":"Benessere al lavoro e nella vita privata - Team Building, Incentive Lake Como","description":"Benessere al lavoro e nella vita privata: una serie di esperienze da vivere con colleghi e amici grazie ai nostri consulenti professionisti","robots":{"index":"index","follow":"follow","max-snippet":"max-snippet:-1","max-image-preview":"max-image-preview:large","max-video-preview":"max-video-preview:-1"},"canonical":"https:\/\/teambuilding-incentive-lakecomo.com\/it\/attivita-benessere-lavoro-vita-privata\/","og_locale":"it_IT","og_type":"article","og_title":"Benessere al lavoro e nella vita privata - Team Building, Incentive Lake Como","og_description":"Benessere al lavoro e nella vita privata: una serie di esperienze da vivere con colleghi e amici grazie ai nostri consulenti professionisti","og_url":"https:\/\/teambuilding-incentive-lakecomo.com\/it\/attivita-benessere-lavoro-vita-privata\/","og_site_name":"Team Building, Incentive Lake Como","article_modified_time":"2025-12-10T12:58:55+00:00","og_image":[{"width":1992,"height":1146,"url":"https:\/\/teambuilding-incentive-lakecomo.com\/wp\/wp-content\/uploads\/2024\/10\/wellbeing-it.jpg","type":"image\/jpeg"}],"twitter_card":"summary_large_image","twitter_misc":{"Tempo di lettura stimato":"2 minuti"},"schema":{"@context":"https:\/\/schema.org","@graph":[{"@type":"WebPage","@id":"https:\/\/teambuilding-incentive-lakecomo.com\/it\/attivita-benessere-lavoro-vita-privata\/","url":"https:\/\/teambuilding-incentive-lakecomo.com\/it\/attivita-benessere-lavoro-vita-privata\/","name":"Benessere al lavoro e nella vita privata - Team Building, Incentive Lake Como","isPartOf":{"@id":"https:\/\/teambuilding-incentive-lakecomo.com\/it\/#website"},"primaryImageOfPage":{"@id":"https:\/\/teambuilding-incentive-lakecomo.com\/it\/attivita-benessere-lavoro-vita-privata\/#primaryimage"},"image":{"@id":"https:\/\/teambuilding-incentive-lakecomo.com\/it\/attivita-benessere-lavoro-vita-privata\/#primaryimage"},"thumbnailUrl":"https:\/\/teambuilding-incentive-lakecomo.com\/wp\/wp-content\/uploads\/2024\/10\/wellbeing-it.jpg","datePublished":"2024-10-09T13:16:51+00:00","dateModified":"2025-12-10T12:58:55+00:00","description":"Benessere al lavoro e nella vita privata: una serie di esperienze da vivere con colleghi e amici grazie ai nostri consulenti professionisti","breadcrumb":{"@id":"https:\/\/teambuilding-incentive-lakecomo.com\/it\/attivita-benessere-lavoro-vita-privata\/#breadcrumb"},"inLanguage":"it-IT","potentialAction":[{"@type":"ReadAction","target":["https:\/\/teambuilding-incentive-lakecomo.com\/it\/attivita-benessere-lavoro-vita-privata\/"]}]},{"@type":"ImageObject","inLanguage":"it-IT","@id":"https:\/\/teambuilding-incentive-lakecomo.com\/it\/attivita-benessere-lavoro-vita-privata\/#primaryimage","url":"https:\/\/teambuilding-incentive-lakecomo.com\/wp\/wp-content\/uploads\/2024\/10\/wellbeing-it.jpg","contentUrl":"https:\/\/teambuilding-incentive-lakecomo.com\/wp\/wp-content\/uploads\/2024\/10\/wellbeing-it.jpg","width":1992,"height":1146,"caption":"benessere in ufficio"},{"@type":"BreadcrumbList","@id":"https:\/\/teambuilding-incentive-lakecomo.com\/it\/attivita-benessere-lavoro-vita-privata\/#breadcrumb","itemListElement":[{"@type":"ListItem","position":1,"name":"Home","item":"https:\/\/teambuilding-incentive-lakecomo.com\/it\/"},{"@type":"ListItem","position":2,"name":"Benessere al lavoro e nella vita privata"}]},{"@type":"WebSite","@id":"https:\/\/teambuilding-incentive-lakecomo.com\/it\/#website","url":"https:\/\/teambuilding-incentive-lakecomo.com\/it\/","name":"Team Building, Incentive Lake Como","description":"incentive e team building sul lago di como","publisher":{"@id":"https:\/\/teambuilding-incentive-lakecomo.com\/it\/#organization"},"potentialAction":[{"@type":"SearchAction","target":{"@type":"EntryPoint","urlTemplate":"https:\/\/teambuilding-incentive-lakecomo.com\/it\/?s={search_term_string}"},"query-input":{"@type":"PropertyValueSpecification","valueRequired":true,"valueName":"search_term_string"}}],"inLanguage":"it-IT"},{"@type":"Organization","@id":"https:\/\/teambuilding-incentive-lakecomo.com\/it\/#organization","name":"TEAM BUILDING INCENTIVE LAGO DI COMO","url":"https:\/\/teambuilding-incentive-lakecomo.com\/it\/","logo":{"@type":"ImageObject","inLanguage":"it-IT","@id":"https:\/\/teambuilding-incentive-lakecomo.com\/it\/#\/schema\/logo\/image\/","url":"https:\/\/teambuilding-incentive-lakecomo.com\/wp\/wp-content\/uploads\/2019\/10\/team-building-incentive-lago-di-como.png","contentUrl":"https:\/\/teambuilding-incentive-lakecomo.com\/wp\/wp-content\/uploads\/2019\/10\/team-building-incentive-lago-di-como.png","width":228,"height":69,"caption":"TEAM BUILDING INCENTIVE LAGO DI COMO"},"image":{"@id":"https:\/\/teambuilding-incentive-lakecomo.com\/it\/#\/schema\/logo\/image\/"}}]}},"_links":{"self":[{"href":"https:\/\/teambuilding-incentive-lakecomo.com\/it\/wp-json\/wp\/v2\/pages\/1155","targetHints":{"allow":["GET"]}}],"collection":[{"href":"https:\/\/teambuilding-incentive-lakecomo.com\/it\/wp-json\/wp\/v2\/pages"}],"about":[{"href":"https:\/\/teambuilding-incentive-lakecomo.com\/it\/wp-json\/wp\/v2\/types\/page"}],"author":[{"embeddable":true,"href":"https:\/\/teambuilding-incentive-lakecomo.com\/it\/wp-json\/wp\/v2\/users\/2"}],"replies":[{"embeddable":true,"href":"https:\/\/teambuilding-incentive-lakecomo.com\/it\/wp-json\/wp\/v2\/comments?post=1155"}],"version-history":[{"count":4,"href":"https:\/\/teambuilding-incentive-lakecomo.com\/it\/wp-json\/wp\/v2\/pages\/1155\/revisions"}],"predecessor-version":[{"id":1336,"href":"https:\/\/teambuilding-incentive-lakecomo.com\/it\/wp-json\/wp\/v2\/pages\/1155\/revisions\/1336"}],"wp:featuredmedia":[{"embeddable":true,"href":"https:\/\/teambuilding-incentive-lakecomo.com\/it\/wp-json\/wp\/v2\/media\/1156"}],"wp:attachment":[{"href":"https:\/\/teambuilding-incentive-lakecomo.com\/it\/wp-json\/wp\/v2\/media?parent=1155"}],"curies":[{"name":"wp","href":"https:\/\/api.w.org\/{rel}","templated":true}]}}